{"id":1789,"date":"2023-10-10T20:25:10","date_gmt":"2023-10-10T20:25:10","guid":{"rendered":"https:\/\/aowinde.eu\/?page_id=1789"},"modified":"2024-11-11T11:44:05","modified_gmt":"2024-11-11T11:44:05","slug":"aviso-legal","status":"publish","type":"page","link":"https:\/\/aowinde.eu\/fr\/aviso-legal\/","title":{"rendered":"Aviso Legal"},"content":{"rendered":"\t\t<div data-elementor-type=\"wp-page\" data-elementor-id=\"1789\" class=\"elementor elementor-1789\" data-elementor-settings=\"{&quot;ha_cmc_init_switcher&quot;:&quot;no&quot;}\" data-elementor-post-type=\"page\">\n\t\t\t\t\t\t<section class=\"ob-is-breaking-bad elementor-section elementor-top-section elementor-element elementor-element-019c93d elementor-section-boxed elementor-section-height-default elementor-section-height-default\" data-id=\"019c93d\" data-element_type=\"section\" data-e-type=\"section\" data-settings=\"{&quot;_ob_bbad_use_it&quot;:&quot;yes&quot;,&quot;_ob_bbad_sssic_use&quot;:&quot;no&quot;}\">\n\t\t\t\t\t\t<div class=\"elementor-container elementor-column-gap-default\">\n\t\t\t\t\t<div class=\"elementor-column elementor-col-100 elementor-top-column elementor-element elementor-element-00d7e0c\" data-id=\"00d7e0c\" data-element_type=\"column\" data-e-type=\"column\" data-settings=\"{&quot;_ob_bbad_is_stalker&quot;:&quot;no&quot;}\">\n\t\t\t<div class=\"elementor-widget-wrap elementor-element-populated\">\n\t\t\t\t\t\t<div class=\"elementor-element elementor-element-dc1f23b ob-has-background-overlay elementor-widget elementor-widget-ha-page-title happy-addon ha-page-title\" data-id=\"dc1f23b\" data-element_type=\"widget\" data-e-type=\"widget\" data-settings=\"{&quot;_ob_poopart_use&quot;:&quot;yes&quot;}\" data-widget_type=\"ha-page-title.default\">\n\t\t\t\t\t<h2 class=\"ha-page-title elementor-size-default\">Aviso Legal<\/h2>\t\t\t\t<\/div>\n\t\t\t\t\t<\/div>\n\t\t<\/div>\n\t\t\t\t\t<\/div>\n\t\t<\/section>\n\t\t\t\t<section class=\"ob-is-breaking-bad elementor-section elementor-top-section elementor-element elementor-element-2171ee0 elementor-section-full_width elementor-section-height-min-height elementor-section-height-default elementor-section-items-middle\" data-id=\"2171ee0\" data-element_type=\"section\" data-e-type=\"section\" data-settings=\"{&quot;_ob_bbad_use_it&quot;:&quot;yes&quot;,&quot;_ob_bbad_sssic_use&quot;:&quot;no&quot;}\">\n\t\t\t\t\t\t<div class=\"elementor-container elementor-column-gap-no\">\n\t\t\t\t\t<div class=\"elementor-column elementor-col-100 elementor-top-column elementor-element elementor-element-4e2ce32\" data-id=\"4e2ce32\" data-element_type=\"column\" data-e-type=\"column\" data-settings=\"{&quot;_ob_bbad_is_stalker&quot;:&quot;no&quot;}\">\n\t\t\t<div class=\"elementor-widget-wrap elementor-element-populated\">\n\t\t\t\t\t\t<div class=\"elementor-element elementor-element-3136feb elementor-widget__width-auto elementor-absolute ob-has-background-overlay elementor-widget elementor-widget-image\" data-id=\"3136feb\" data-element_type=\"widget\" data-e-type=\"widget\" data-settings=\"{&quot;_position&quot;:&quot;absolute&quot;,&quot;_ob_poopart_use&quot;:&quot;yes&quot;}\" data-widget_type=\"image.default\">\n\t\t\t\t\t\t\t\t\t\t\t\t\t\t\t<img decoding=\"async\" width=\"339\" height=\"67\" src=\"https:\/\/aowinde.eu\/wp-content\/uploads\/2023\/11\/lineas-horizontales_.svg\" class=\"attachment-large size-large wp-image-3766\" alt=\"\" \/>\t\t\t\t\t\t\t\t\t\t\t\t\t\t\t<\/div>\n\t\t\t\t<div class=\"elementor-element elementor-element-07165cf elementor-widget__width-auto elementor-absolute e-transform ob-has-background-overlay elementor-widget elementor-widget-image\" data-id=\"07165cf\" data-element_type=\"widget\" data-e-type=\"widget\" data-settings=\"{&quot;_position&quot;:&quot;absolute&quot;,&quot;_transform_rotateZ_effect&quot;:{&quot;unit&quot;:&quot;px&quot;,&quot;size&quot;:-64,&quot;sizes&quot;:[]},&quot;_transform_rotateZ_effect_tablet&quot;:{&quot;unit&quot;:&quot;deg&quot;,&quot;size&quot;:&quot;&quot;,&quot;sizes&quot;:[]},&quot;_transform_rotateZ_effect_mobile&quot;:{&quot;unit&quot;:&quot;deg&quot;,&quot;size&quot;:&quot;&quot;,&quot;sizes&quot;:[]},&quot;_ob_poopart_use&quot;:&quot;yes&quot;}\" data-widget_type=\"image.default\">\n\t\t\t\t\t\t\t\t\t\t\t\t\t\t\t<img fetchpriority=\"high\" decoding=\"async\" width=\"229\" height=\"545\" src=\"https:\/\/aowinde.eu\/wp-content\/uploads\/2023\/11\/waves-diagonales-2_.svg\" class=\"attachment-large size-large wp-image-3768\" alt=\"\" \/>\t\t\t\t\t\t\t\t\t\t\t\t\t\t\t<\/div>\n\t\t\t\t<div class=\"elementor-element elementor-element-9a965f5 elementor-widget__width-initial elementor-absolute ob-has-background-overlay elementor-widget elementor-widget-spacer\" data-id=\"9a965f5\" data-element_type=\"widget\" data-e-type=\"widget\" data-settings=\"{&quot;_position&quot;:&quot;absolute&quot;,&quot;_ob_steroids_overlay_popover_whyxrot&quot;:&quot;yes&quot;,&quot;_ob_steroids_overlay_popover_border&quot;:&quot;yes&quot;,&quot;_ob_poopart_use&quot;:&quot;yes&quot;}\" data-widget_type=\"spacer.default\">\n\t\t\t\t\t\t\t<div class=\"elementor-spacer\">\n\t\t\t<div class=\"elementor-spacer-inner\"><\/div>\n\t\t<\/div>\n\t\t\t\t\t\t<\/div>\n\t\t\t\t\t<\/div>\n\t\t<\/div>\n\t\t\t\t\t<\/div>\n\t\t<\/section>\n\t\t\t\t<section class=\"ob-is-breaking-bad elementor-section elementor-top-section elementor-element elementor-element-d01ae81 elementor-section-boxed elementor-section-height-default elementor-section-height-default\" data-id=\"d01ae81\" data-element_type=\"section\" data-e-type=\"section\" data-settings=\"{&quot;_ob_bbad_use_it&quot;:&quot;yes&quot;,&quot;_ob_bbad_sssic_use&quot;:&quot;no&quot;}\">\n\t\t\t\t\t\t<div class=\"elementor-container elementor-column-gap-default\">\n\t\t\t\t\t<div class=\"elementor-column elementor-col-100 elementor-top-column elementor-element elementor-element-f3bbc4c\" data-id=\"f3bbc4c\" data-element_type=\"column\" data-e-type=\"column\" data-settings=\"{&quot;_ob_bbad_is_stalker&quot;:&quot;no&quot;}\">\n\t\t\t<div class=\"elementor-widget-wrap elementor-element-populated\">\n\t\t\t\t\t\t<div class=\"elementor-element elementor-element-4da474d custom-text ob-has-background-overlay elementor-widget elementor-widget-text-editor\" data-id=\"4da474d\" data-element_type=\"widget\" data-e-type=\"widget\" data-settings=\"{&quot;_ob_poopart_use&quot;:&quot;yes&quot;}\" data-widget_type=\"text-editor.default\">\n\t\t\t\t\t\t\t\t\t<div id=\"mpc_textblock-3765255f260e48e\" class=\"mpc-textblock cuerpo_mensaje mpc-inited\" style=\"opacity: 1;\"><h3><strong>INFORMACI\u00d3N GENERAL<\/strong><\/h3><p>La direcci\u00f3n URL <a href=\"https:\/\/aowinde.eu\/\">https:\/\/aowinde.eu\/<\/a> del sitio web es un dominio registrado por la Xunta de Galicia.<\/p><p>Esta p\u00e1gina tiene un prop\u00f3sito informativo y exclusivo de uso profesional, con el objetivo de facilitar al p\u00fablico el conocimiento de los productos y los servicios jur\u00eddicos ofrecidos. El acceso al sitio web es, en principio, gratuito, sin perjuicio de que la contrataci\u00f3n de productos o servicios a trav\u00e9s del sitio web pueda estar sujeta a una contraprestaci\u00f3n econ\u00f3mica.<\/p><p>El usuario se compromete a no utilizar el sitio web ni la informaci\u00f3n que proporciona para la realizaci\u00f3n de actividades contrarias a la ley, a la moral o al orden p\u00fablico, y a respetar las condiciones de uso establecidas por la Xunta de Galicia.<\/p><h3><strong>PROPIEDAD INTELECTUAL E INDUSTRIAL<\/strong><\/h3><p>La Xunta de Galicia es titular de los derechos de propiedad intelectual sobre el contenido de este sitio web, incluyendo, de manera enunciativa y no limitativa, el dise\u00f1o gr\u00e1fico, los c\u00f3digos, las fuentes, los textos, las im\u00e1genes, los v\u00eddeos, las marcas, los logotipos o los signos distintivos.<\/p><p>Se proh\u00edbe la modificaci\u00f3n, copia, reproducci\u00f3n, descarga, transmisi\u00f3n, distribuci\u00f3n o transformaci\u00f3n de los contenidos del sitio web, si no se dispone de la autorizaci\u00f3n del titular de los correspondientes derechos por escrito. En cualquier caso, debe mencionarse la origen del contenido cuando se use, as\u00ed como su autor.<\/p><p>La lesi\u00f3n, por parte de terceros, de los derechos de propiedad intelectual u otro derecho sobre el contenido de este sitio web, titularidad de la Xunta de Galicia, dar\u00e1 lugar a las responsabilidades legalmente establecidas.<\/p><h3><strong>CONTENIDO WEB Y ENLACES<\/strong><\/h3><p>La informaci\u00f3n contenida en este sitio web puede no ser correcta. Por eso, la Xunta de Galicia no se responsabiliza de cualquier da\u00f1o o p\u00e9rdida, directos o indirectos, que pueda ocasionar la exactitud, integridad o veracidad de la mencionada informaci\u00f3n, as\u00ed como tampoco del uso por terceros del contenido de este sitio web, ni de los posibles errores en el acceso a esta. Al mismo tiempo, la Xunta de Galicia se reserva el derecho a suspender temporalmente la accesibilidad al sitio web cuando sea necesario, sin necesidad de previo aviso.<\/p><p>El acceso a este sitio web es responsabilidad exclusiva del usuario, y supone aceptar y conocer las advertencias legales, condiciones y t\u00e9rminos de uso contenidos en \u00e9l. La persona usuaria garantiza la autenticidad y la veracidad de los datos que comunique, tanto al cubrir los formularios de registro como en cualquier otro momento, y ser\u00e1 responsabilidad suya la actualizaci\u00f3n de la informaci\u00f3n suministrada, de tal forma que refleje su situaci\u00f3n real. Asimismo, ser\u00e1 responsable de la inexactitud o falta de veracidad de la informaci\u00f3n proporcionada.<\/p><p>La persona usuaria se compromete a hacer un uso adecuado de los contenidos y los servicios que la Xunta de Galicia ofrece a trav\u00e9s de su portal, y con car\u00e1cter enunciativo, pero no limitativo, a no emplearlos para ninguna de estas acciones:<\/p><ul><li>incurrir en actividades il\u00edcitas, ilegales o contrarias al bien p\u00fablico y al orden p\u00fablico;<\/li><li>difundir contenidos o propaganda de car\u00e1cter racista, xen\u00f3fobo, pornogr\u00e1fico-ilegal, de apolog\u00eda del terrorismo o ataque contra los derechos humanos;<\/li><li>causar da\u00f1os a los sistemas f\u00edsicos y l\u00f3gicos de la entidad de creaci\u00f3n del sitio web, a sus proveedores o a terceras personas, e introducir o difundir en la red virus inform\u00e1ticos, o cualquier otro sistema f\u00edsico o l\u00f3gico susceptible de causar los da\u00f1os mencionados;<\/li><li>intentar acceder y, en su caso, utilizar las cuentas de correo electr\u00f3nico de otros usuarios y modificar o manipular sus mensajes.<\/li><\/ul><p>La Xunta de Galicia se reserva el derecho de retirar todos los comentarios y contribuciones que vulneren el respeto a la dignidad de la persona, que sean discriminatorios, xen\u00f3fobos, racistas, pornogr\u00e1ficos, que atenten contra la juventud o la infancia, el orden o la seguridad p\u00fablica o que, a su juicio, no resulten adecuados para su publicaci\u00f3n.<\/p><p>En cualquier caso, la Xunta de Galicia no ser\u00e1 responsable de las opiniones expresadas por las personas usuarias a trav\u00e9s de los foros, chats u otras herramientas de participaci\u00f3n.<\/p><p>Este sitio web contiene enlaces a p\u00e1ginas externas, cuyos contenidos no son responsabilidad de la Xunta de Galicia (por lo que ser\u00e1 responsabilidad de la persona usuaria regirse por los t\u00e9rminos y condiciones de utilizaci\u00f3n de las p\u00e1ginas consultadas), como tampoco lo es ni del mal uso ni de las actividades contrarias a la ley, la moral o el orden p\u00fablico que realicen los usuarios en dichas p\u00e1ginas.<\/p><p>Al mismo tiempo, el establecimiento de cualquier hiperenlace desde una p\u00e1gina web deber\u00e1 efectuarse a la p\u00e1gina principal y quedar\u00e1 prohibida la reproducci\u00f3n total o parcial de los servicios contenidos en el sitio web de la entidad.<\/p><h3><strong>MODIFICACIONES DE LOS T\u00c9RMINOS Y CONDICIONES DE USO. EXENCI\u00d3N DE RESPONSABILIDAD<\/strong><\/h3><p>Las presentes condiciones generales y las particulares que eventualmente puedan establecerse, y con la redacci\u00f3n que presenten en cada momento, tienen una duraci\u00f3n indefinida y permanecer\u00e1n en vigor mientras el portal contin\u00fae activo. La Xunta de Galicia se reserva, en todo caso, el derecho unilateral de modificar las condiciones de acceso a estas, as\u00ed como su contenido.<\/p><p>La persona que accede al sitio web acepta y est\u00e1 obligada al cumplimiento de las siguientes condiciones de uso: se compromete a utilizar los servicios e informaciones que se ofrecen en el sitio web en la forma que se presentan, sin modificar los contenidos y para su uso exclusivo, sin poder cederlos en ninguna forma, ni notificarlos a nadie, y queda obligado a utilizarlos en su propio y \u00fanico inter\u00e9s de acuerdo con la naturaleza de los contenidos.<\/p><p>La persona usuaria se compromete a emplear sus claves de acceso (nombre y contrase\u00f1a) en exclusiva como titular de estas, y su custodia, confidencialidad y correcta utilizaci\u00f3n son de su responsabilidad. La Xunta de Galicia se reserva el derecho a modificar estas condiciones generales en cualquier momento y sin previo aviso, por lo que el usuario est\u00e1 obligado a revisar las presentes condiciones generales cada vez que acceda al sitio web.<\/p><p>Las personas usuarias son conscientes y aceptan voluntariamente que el empleo de la p\u00e1gina y de los servicios y los contenidos tiene lugar, en todo caso, bajo su \u00fanica y exclusiva responsabilidad.<\/p><p>La Xunta de Galicia queda exenta de cualquier tipo de responsabilidad por da\u00f1os y p\u00e9rdidas de toda naturaleza en los siguientes casos, sin car\u00e1cter limitativo:<\/p><ul><li>Por la imposibilidad o dificultad de conectarse a la red de comunicaciones a trav\u00e9s de la que resulta accesible este sitio web, independientemente de la clase de conexi\u00f3n utilizada por el usuario.<\/li><li>Por la interrupci\u00f3n, suspensi\u00f3n o cancelaci\u00f3n del acceso al sitio web, as\u00ed como por disponibilidad y continuidad del funcionamiento del sitio o de sus servicios o contenidos, cuando se deba bien a la interrupci\u00f3n del servicio por el mantenimiento t\u00e9cnico de la web o bien a una causa ajena al \u00e1mbito de control de nuestra empresa, ya provenga directa o indirectamente de esta.<\/li><li>Por la calidad o rapidez de acceso al sitio y por las condiciones t\u00e9cnicas que deben reunir el usuario para poder acceder al sitio y a sus servicios o contenidos.<\/li><li>Por la existencia de virus u otros elementos que puedan producir cambios en el sistema inform\u00e1tico de los usuarios o en documentos electr\u00f3nicos o archivos all\u00ed almacenados.<\/li><li>Por la p\u00e9rdida que pueda sufrir el usuario o un tercero como consecuencia de que otras personas usen su contrase\u00f1a, tanto con su conocimiento como sin \u00e9l.<\/li><\/ul><h3><strong>LEGISLACI\u00d3N Y JURISDICCI\u00d3N APLICABLES<\/strong><\/h3><p>Las presentes condiciones de uso se rigen por la ley espa\u00f1ola, por lo que las partes deben someterse a la jurisdicci\u00f3n de los juzgados y los tribunales de la ciudad de Santiago de Compostela, en caso de disputa o controversia relacionada con la aplicaci\u00f3n o la interpretaci\u00f3n de estas.<\/p><h3><strong>LITIGIOS EN L\u00cdNEA<\/strong><\/h3><p>En cumplimiento con el deber de informaci\u00f3n en materia de resoluci\u00f3n de litigios en l\u00ednea conforme al art. 14.1 del Reglamento (UE) 524\/2013, informamos de que la Comisi\u00f3n Europea facilita una plataforma de resoluci\u00f3n de litigios en l\u00ednea que se encuentra a su disposici\u00f3n en la siguiente liga: <a href=\"http:\/\/ec.europa.eu\/consumers\/odr\/\">http:\/\/ec.europa.eu\/consumers\/odr\/<\/a><\/p><\/div>\t\t\t\t\t\t\t\t<\/div>\n\t\t\t\t<div class=\"elementor-element elementor-element-d3fa00d ob-has-background-overlay elementor-widget elementor-widget-html\" data-id=\"d3fa00d\" data-element_type=\"widget\" data-e-type=\"widget\" data-settings=\"{&quot;_ob_poopart_use&quot;:&quot;yes&quot;}\" data-widget_type=\"html.default\">\n\t\t\t\t\t<style>\n.custom-text {\n    \/*padding: 30px;*\/\n    \/*color: var(--e-global-color-primary );*\/\n    \/*background-color: var(--e-global-color-b28e45f );\n    border-style: solid;\n    border-width: 1px 1px 1px 1px;\n    border-color: #014D943B;\n    border-radius: 0px 0px 0px 0px;*\/\n    font-size: 14px;\n}\n.custom-text a{\n    color: var( --e-global-color-primary );\n    font-weight: 600;\n}\n\/*\n.custom-text ol {\n      margin-bottom:20px;\n      font-weight:500;\n}\n.custom-text ol li {\n      color: var( --e-global-color-primary );\n}\n*\/\n.custom-text h3,\n.custom-text h2{\n  color: var( --e-global-color-text );\n  font-weight: 500!important;\n  color: var( --e-global-color-primary );\n  font-size: 18px;\n  line-height: 1.3em;\n  text-transform: uppercase;\n}\n.custom-text h3:not(:first-of-type),\n.custom-text h2:not(:first-of-type) {\n  margin-top: 30px;\n}\n.custom-text ol,\n.custom-text ul {\n  display: block;\n  padding-top: 20px;\n  padding-bottom: 10px;\n  padding-right: 20px;\n  flex-direction: row;\n  align-items: center;\n  justify-content: start;\n  background: #F1F2F8;\n\/*background: linear-gradient(90deg, rgba(255,255,255,1) 0%, rgba(222,236,253,1) 100%);*\/\n  margin-top: 20px;\n  margin-bottom: 20px;\n}\n.custom-text ul li::marker,\n.custom-text ol li::marker {\n    color: var( --e-global-color-secondary )!important;\n}\n.custom-text ol li,\n.custom-text ul li {\n  font-size: 14px!important;\n  margin: 0;\n  list-style:none;\n  list-style-type: square;\n  padding: 0 .2em; \/* indentation + .5em *\/\n  line-height: 1.2em; \/* default list item's `line-height` *\/\n  margin-bottom: 1em;\n  position: relative;\n  \/*color: var( --e-global-color-primary );*\/\n}\n.custom-text ol li:before,\n.custom-text ul li:before {\n    content:\"\";\n    top:0;\n    left:-20px;\n    position: absolute;\n    display: flex;\n    height: 100%;\n    \/*border-left:3px solid var( --e-global-color-primary );*\/\n}\n\n<\/style>\t\t\t\t<\/div>\n\t\t\t\t\t<\/div>\n\t\t<\/div>\n\t\t\t\t\t<\/div>\n\t\t<\/section>\n\t\t\t\t<section class=\"ob-is-breaking-bad elementor-section elementor-top-section elementor-element elementor-element-68bc8a7 elementor-section-full_width elementor-section-height-min-height elementor-section-height-default elementor-section-items-middle\" data-id=\"68bc8a7\" data-element_type=\"section\" data-e-type=\"section\" data-settings=\"{&quot;_ob_bbad_use_it&quot;:&quot;yes&quot;,&quot;_ob_bbad_sssic_use&quot;:&quot;no&quot;}\">\n\t\t\t\t\t\t<div class=\"elementor-container elementor-column-gap-no\">\n\t\t\t\t\t<div class=\"elementor-column elementor-col-100 elementor-top-column elementor-element elementor-element-875abcd\" data-id=\"875abcd\" data-element_type=\"column\" data-e-type=\"column\" data-settings=\"{&quot;_ob_bbad_is_stalker&quot;:&quot;no&quot;}\">\n\t\t\t<div class=\"elementor-widget-wrap elementor-element-populated\">\n\t\t\t\t\t\t<div class=\"elementor-element elementor-element-2709e99 elementor-widget__width-auto elementor-absolute e-transform ob-has-background-overlay elementor-widget elementor-widget-image\" data-id=\"2709e99\" data-element_type=\"widget\" data-e-type=\"widget\" data-settings=\"{&quot;_position&quot;:&quot;absolute&quot;,&quot;_transform_rotateZ_effect&quot;:{&quot;unit&quot;:&quot;px&quot;,&quot;size&quot;:34,&quot;sizes&quot;:[]},&quot;_transform_rotateZ_effect_tablet&quot;:{&quot;unit&quot;:&quot;deg&quot;,&quot;size&quot;:&quot;&quot;,&quot;sizes&quot;:[]},&quot;_transform_rotateZ_effect_mobile&quot;:{&quot;unit&quot;:&quot;deg&quot;,&quot;size&quot;:&quot;&quot;,&quot;sizes&quot;:[]},&quot;_ob_poopart_use&quot;:&quot;yes&quot;}\" data-widget_type=\"image.default\">\n\t\t\t\t\t\t\t\t\t\t\t\t\t\t\t<img fetchpriority=\"high\" decoding=\"async\" width=\"229\" height=\"545\" src=\"https:\/\/aowinde.eu\/wp-content\/uploads\/2023\/11\/waves-diagonales-2_.svg\" class=\"attachment-large size-large wp-image-3768\" alt=\"\" \/>\t\t\t\t\t\t\t\t\t\t\t\t\t\t\t<\/div>\n\t\t\t\t<div class=\"elementor-element elementor-element-59e6d3f elementor-widget__width-initial elementor-absolute ob-has-background-overlay elementor-widget elementor-widget-spacer\" data-id=\"59e6d3f\" data-element_type=\"widget\" data-e-type=\"widget\" data-settings=\"{&quot;_position&quot;:&quot;absolute&quot;,&quot;_ob_steroids_overlay_popover_whyxrot&quot;:&quot;yes&quot;,&quot;_ob_steroids_overlay_popover_border&quot;:&quot;yes&quot;,&quot;_ob_poopart_use&quot;:&quot;yes&quot;}\" data-widget_type=\"spacer.default\">\n\t\t\t\t\t\t\t<div class=\"elementor-spacer\">\n\t\t\t<div class=\"elementor-spacer-inner\"><\/div>\n\t\t<\/div>\n\t\t\t\t\t\t<\/div>\n\t\t\t\t\t<\/div>\n\t\t<\/div>\n\t\t\t\t\t<\/div>\n\t\t<\/section>\n\t\t\t\t<\/div>\n\t\t","protected":false},"excerpt":{"rendered":"<p>Aviso Legal INFORMACI\u00d3N GENERAL La direcci\u00f3n URL https:\/\/aowinde.eu\/ del sitio web es un dominio registrado por la Xunta de Galicia. Esta p\u00e1gina tiene un prop\u00f3sito informativo y exclusivo de uso profesional, con el objetivo de facilitar al p\u00fablico el conocimiento de los productos y los servicios jur\u00eddicos ofrecidos. El acceso al sitio web es, en [&hellip;]<\/p>\n","protected":false},"author":3,"featured_media":0,"parent":0,"menu_order":0,"comment_status":"closed","ping_status":"closed","template":"","meta":{"footnotes":""},"class_list":["post-1789","page","type-page","status-publish","hentry"],"_links":{"self":[{"href":"https:\/\/aowinde.eu\/fr\/wp-json\/wp\/v2\/pages\/1789","targetHints":{"allow":["GET"]}}],"collection":[{"href":"https:\/\/aowinde.eu\/fr\/wp-json\/wp\/v2\/pages"}],"about":[{"href":"https:\/\/aowinde.eu\/fr\/wp-json\/wp\/v2\/types\/page"}],"author":[{"embeddable":true,"href":"https:\/\/aowinde.eu\/fr\/wp-json\/wp\/v2\/users\/3"}],"replies":[{"embeddable":true,"href":"https:\/\/aowinde.eu\/fr\/wp-json\/wp\/v2\/comments?post=1789"}],"version-history":[{"count":0,"href":"https:\/\/aowinde.eu\/fr\/wp-json\/wp\/v2\/pages\/1789\/revisions"}],"wp:attachment":[{"href":"https:\/\/aowinde.eu\/fr\/wp-json\/wp\/v2\/media?parent=1789"}],"curies":[{"name":"wp","href":"https:\/\/api.w.org\/{rel}","templated":true}]}}