{"id":1805,"date":"2023-10-10T20:31:02","date_gmt":"2023-10-10T20:31:02","guid":{"rendered":"https:\/\/aowinde.eu\/?page_id=1805"},"modified":"2024-11-11T11:49:36","modified_gmt":"2024-11-11T11:49:36","slug":"politica-de-privacidad","status":"publish","type":"page","link":"https:\/\/aowinde.eu\/fr\/politica-de-privacidad\/","title":{"rendered":"Pol\u00edtica de Privacidad"},"content":{"rendered":"\t\t<div data-elementor-type=\"wp-page\" data-elementor-id=\"1805\" class=\"elementor elementor-1805\" data-elementor-settings=\"{&quot;ha_cmc_init_switcher&quot;:&quot;no&quot;}\" data-elementor-post-type=\"page\">\n\t\t\t\t\t\t<section class=\"ob-is-breaking-bad elementor-section elementor-top-section elementor-element elementor-element-7d59827 elementor-section-boxed elementor-section-height-default elementor-section-height-default\" data-id=\"7d59827\" data-element_type=\"section\" data-e-type=\"section\" data-settings=\"{&quot;_ob_bbad_use_it&quot;:&quot;yes&quot;,&quot;_ob_bbad_sssic_use&quot;:&quot;no&quot;}\">\n\t\t\t\t\t\t<div class=\"elementor-container elementor-column-gap-default\">\n\t\t\t\t\t<div class=\"elementor-column elementor-col-100 elementor-top-column elementor-element elementor-element-8f6a568\" data-id=\"8f6a568\" data-element_type=\"column\" data-e-type=\"column\" data-settings=\"{&quot;_ob_bbad_is_stalker&quot;:&quot;no&quot;}\">\n\t\t\t<div class=\"elementor-widget-wrap elementor-element-populated\">\n\t\t\t\t\t\t<div class=\"elementor-element elementor-element-e2c3f02 ob-has-background-overlay elementor-widget elementor-widget-ha-page-title happy-addon ha-page-title\" data-id=\"e2c3f02\" data-element_type=\"widget\" data-e-type=\"widget\" data-settings=\"{&quot;_ob_poopart_use&quot;:&quot;yes&quot;}\" data-widget_type=\"ha-page-title.default\">\n\t\t\t\t\t<h2 class=\"ha-page-title elementor-size-default\">Pol\u00edtica de Privacidad<\/h2>\t\t\t\t<\/div>\n\t\t\t\t\t<\/div>\n\t\t<\/div>\n\t\t\t\t\t<\/div>\n\t\t<\/section>\n\t\t\t\t<section class=\"ob-is-breaking-bad elementor-section elementor-top-section elementor-element elementor-element-15fc579 elementor-section-full_width elementor-section-height-min-height elementor-section-height-default elementor-section-items-middle\" data-id=\"15fc579\" data-element_type=\"section\" data-e-type=\"section\" data-settings=\"{&quot;_ob_bbad_use_it&quot;:&quot;yes&quot;,&quot;_ob_bbad_sssic_use&quot;:&quot;no&quot;}\">\n\t\t\t\t\t\t<div class=\"elementor-container elementor-column-gap-no\">\n\t\t\t\t\t<div class=\"elementor-column elementor-col-100 elementor-top-column elementor-element elementor-element-d88a2d1\" data-id=\"d88a2d1\" data-element_type=\"column\" data-e-type=\"column\" data-settings=\"{&quot;_ob_bbad_is_stalker&quot;:&quot;no&quot;}\">\n\t\t\t<div class=\"elementor-widget-wrap elementor-element-populated\">\n\t\t\t\t\t\t<div class=\"elementor-element elementor-element-3d7cbbe elementor-widget__width-auto elementor-absolute ob-has-background-overlay elementor-widget elementor-widget-image\" data-id=\"3d7cbbe\" data-element_type=\"widget\" data-e-type=\"widget\" data-settings=\"{&quot;_position&quot;:&quot;absolute&quot;,&quot;_ob_poopart_use&quot;:&quot;yes&quot;}\" data-widget_type=\"image.default\">\n\t\t\t\t\t\t\t\t\t\t\t\t\t\t\t<img decoding=\"async\" width=\"339\" height=\"67\" src=\"https:\/\/aowinde.eu\/wp-content\/uploads\/2023\/11\/lineas-horizontales_.svg\" class=\"attachment-large size-large wp-image-3766\" alt=\"\" \/>\t\t\t\t\t\t\t\t\t\t\t\t\t\t\t<\/div>\n\t\t\t\t<div class=\"elementor-element elementor-element-da4bdc7 elementor-widget__width-auto elementor-absolute e-transform ob-has-background-overlay elementor-widget elementor-widget-image\" data-id=\"da4bdc7\" data-element_type=\"widget\" data-e-type=\"widget\" data-settings=\"{&quot;_position&quot;:&quot;absolute&quot;,&quot;_transform_rotateZ_effect&quot;:{&quot;unit&quot;:&quot;px&quot;,&quot;size&quot;:-64,&quot;sizes&quot;:[]},&quot;_transform_rotateZ_effect_tablet&quot;:{&quot;unit&quot;:&quot;deg&quot;,&quot;size&quot;:&quot;&quot;,&quot;sizes&quot;:[]},&quot;_transform_rotateZ_effect_mobile&quot;:{&quot;unit&quot;:&quot;deg&quot;,&quot;size&quot;:&quot;&quot;,&quot;sizes&quot;:[]},&quot;_ob_poopart_use&quot;:&quot;yes&quot;}\" data-widget_type=\"image.default\">\n\t\t\t\t\t\t\t\t\t\t\t\t\t\t\t<img fetchpriority=\"high\" decoding=\"async\" width=\"229\" height=\"545\" src=\"https:\/\/aowinde.eu\/wp-content\/uploads\/2023\/11\/waves-diagonales-2_.svg\" class=\"attachment-large size-large wp-image-3768\" alt=\"\" \/>\t\t\t\t\t\t\t\t\t\t\t\t\t\t\t<\/div>\n\t\t\t\t<div class=\"elementor-element elementor-element-bed1fcb elementor-widget__width-initial elementor-absolute ob-has-background-overlay elementor-widget elementor-widget-spacer\" data-id=\"bed1fcb\" data-element_type=\"widget\" data-e-type=\"widget\" data-settings=\"{&quot;_position&quot;:&quot;absolute&quot;,&quot;_ob_steroids_overlay_popover_whyxrot&quot;:&quot;yes&quot;,&quot;_ob_steroids_overlay_popover_border&quot;:&quot;yes&quot;,&quot;_ob_poopart_use&quot;:&quot;yes&quot;}\" data-widget_type=\"spacer.default\">\n\t\t\t\t\t\t\t<div class=\"elementor-spacer\">\n\t\t\t<div class=\"elementor-spacer-inner\"><\/div>\n\t\t<\/div>\n\t\t\t\t\t\t<\/div>\n\t\t\t\t\t<\/div>\n\t\t<\/div>\n\t\t\t\t\t<\/div>\n\t\t<\/section>\n\t\t\t\t<section class=\"ob-is-breaking-bad elementor-section elementor-top-section elementor-element elementor-element-355a3dc elementor-section-boxed elementor-section-height-default elementor-section-height-default\" data-id=\"355a3dc\" data-element_type=\"section\" data-e-type=\"section\" data-settings=\"{&quot;_ob_bbad_use_it&quot;:&quot;yes&quot;,&quot;_ob_bbad_sssic_use&quot;:&quot;no&quot;}\">\n\t\t\t\t\t\t<div class=\"elementor-container elementor-column-gap-default\">\n\t\t\t\t\t<div class=\"elementor-column elementor-col-100 elementor-top-column elementor-element elementor-element-2fcf09f\" data-id=\"2fcf09f\" data-element_type=\"column\" data-e-type=\"column\" data-settings=\"{&quot;_ob_bbad_is_stalker&quot;:&quot;no&quot;}\">\n\t\t\t<div class=\"elementor-widget-wrap elementor-element-populated\">\n\t\t\t\t\t\t<div class=\"elementor-element elementor-element-c5bca9b custom-text ob-has-background-overlay elementor-widget elementor-widget-text-editor\" data-id=\"c5bca9b\" data-element_type=\"widget\" data-e-type=\"widget\" data-settings=\"{&quot;_ob_poopart_use&quot;:&quot;yes&quot;}\" data-widget_type=\"text-editor.default\">\n\t\t\t\t\t\t\t\t\t<div id=\"mpc_textblock-366525816cc311d\" class=\"mpc-textblock cuerpo_mensaje mpc-inited\" style=\"opacity: 1;\"><h3><strong>POL\u00cdTICA DE PRIVACIDAD<\/strong><\/h3><p>En cumplimiento de la normativa vigente en materia de protecci\u00f3n de datos, Reglamento (UE) 2016\/679 del Parlamento Europeo y del Consejo de 27 de abril de 2016 (RXPD-GDPR) y de la Ley org\u00e1nica 3\/2018 de 5 de diciembre, de protecci\u00f3n de datos y garant\u00eda de derechos digitales (LOPDGDD), ofrecemos la siguiente informaci\u00f3n adicional sobre el tratamiento que realizamos de los datos personales.<\/p><h3><strong>RESPONSABLE DEL TRATAMIENTO DE LOS DATOS PERSONALES<\/strong><\/h3><p>La responsabilidad del tratamiento recae sobre el \u00f3rgano o la entidad que determina los fines y los medios del tratamiento de los datos personales. En el \u00e1mbito de la Xunta de Galicia, con car\u00e1cter general, ser\u00edan las secretar\u00edas generales t\u00e9cnicas de las conseller\u00edas, de la Presidencia y de la Vicepresidencia. En el caso de entidades instrumentales del sector p\u00fablico auton\u00f3mico con personalidad jur\u00eddica propia, la responsabilidad estar\u00eda en manos de la direcci\u00f3n de la entidad.<\/p><p>Las personas usuarias de este portal tienen a su disposici\u00f3n toda la informaci\u00f3n relativa al tratamiento de los datos personales llevado a cabo por la Xunta de Galicia, incluyendo la forma en que pueden ejercitar los derechos, el contacto con los delegados y delegadas de protecci\u00f3n de datos y dem\u00e1s aspectos seg\u00fan los t\u00e9rminos exigidos por el Reglamento europeo de protecci\u00f3n de datos personales, en la siguiente vinculaci\u00f3n: Informaci\u00f3n sobre protecci\u00f3n de datos personales (<a href=\"https:\/\/www.xunta.gal\/informacion-xeral-proteccion-datos\">https:\/\/www.xunta.gal\/informacion-xeral-proteccion-datos<\/a>).<\/p><h3><strong>TRATAMIENTO DE DATOS <\/strong><\/h3><h3><strong>CON QU\u00c9 FINALIDAD TRATAMOS SUS DATOS PERSONALES?<\/strong><\/h3><p>Tratamos los datos personales que nos facilite para la gesti\u00f3n de sus consultas, principalmente, a trav\u00e9s del formulario web.<\/p><p>Tambi\u00e9n podemos tratarlos para el env\u00edo de informaci\u00f3n o el anuncio de eventos de inter\u00e9s vinculados con la tem\u00e1tica del proyecto AOWINDE.<\/p><p>La Xunta de Galicia se compromete a tratar con total confidencialidad y a aplicar las medidas de seguridad adecuadas, de tipo f\u00edsico, t\u00e9cnico y organizativo, para la protecci\u00f3n de sus datos personales.<\/p><p>El tratamiento quedar\u00e1 limitado por el tiempo imprescindible para el cumplimiento de su finalidad y, en todo caso, por el per\u00edodo de duraci\u00f3n del proyecto, hasta agosto de 2022.<\/p><p>Si decide cancelar sus datos personales, estos podr\u00e1n conservarse en nuestras bases de datos durante los plazos previstos por la legislaci\u00f3n para poder cumplir con las obligaciones fiscales y contables, y ser\u00e1n eliminados una vez que estos plazos o los que sean de aplicaci\u00f3n prescriban.<\/p><h3><strong>CU\u00c1L ES LA LEGITIMACI\u00d3N PARA EL TRATAMIENTO DE SUS DATOS?<\/strong><\/h3><p>La base legal para el tratamiento de sus datos es el consentimiento que debe prestarnos para poder contestar a sus consultas y enviarle informaci\u00f3n.<\/p><p>Los datos proporcionados por la persona interesada se utilizar\u00e1n, con car\u00e1cter \u00fanico y exclusivo, para los fines previstos en el procedimiento o actuaci\u00f3n que se trate. En ning\u00fan caso ser\u00e1n objeto de tratamiento o de cesi\u00f3n a terceros, si no es con el consentimiento inequ\u00edvoco del afectado.<\/p><h3><strong>A QU\u00c9 DESTINATARIOS SE COMUNICAR\u00c1N SUS DATOS?<\/strong><\/h3><p>No se van a ceder los datos personales a ninguna entidad, salvo los que sean necesarios a organismos p\u00fablicos por obligaci\u00f3n legal.<\/p><p>Cabe se\u00f1alar que, en caso de utilizar Mailchimp, se realizar\u00e1 la transferencia internacional de datos que est\u00e1 amparada en el Privacy Shield, en cumplimiento con la normativa europea de protecci\u00f3n de datos.<\/p><h3><strong>CU\u00c1LES SON SUS DERECHOS CUANDO NOS FACILITA LOS DATOS?<\/strong><\/h3><p>Cualquier persona tiene derecho a obtener confirmaci\u00f3n sobre si en nuestra organizaci\u00f3n estamos tratando datos personales que le afecten o no.<\/p><p>Asimismo, las personas interesadas tienen derecho a acceder a sus datos personales, as\u00ed como a solicitar la rectificaci\u00f3n de los datos inexactos o, en su caso, solicitar su supresi\u00f3n cuando, entre otros motivos, los datos ya no sean necesarios para los fines que fueron recogidos. Para ello deber\u00e1 facilitar una fotocopia de su documento nacional de identidad, pasaporte u otro documento oficial v\u00e1lido y vigente que sirva como identificaci\u00f3n. En el caso de que usted decida ejercitar estos derechos, debe hacer constar en la mencionada comunicaci\u00f3n los datos respecto de los cuales tiene inter\u00e9s en su acceso, rectificaci\u00f3n, cancelaci\u00f3n o oposici\u00f3n.<\/p><p>En determinadas circunstancias, las personas interesadas podr\u00e1n solicitar la limitaci\u00f3n del tratamiento de sus datos, en cuyo caso \u00fanicamente los conservaremos para el ejercicio o la defensa de reclamaciones.<\/p><p>En determinadas circunstancias y por motivos relacionados con su situaci\u00f3n particular, las personas interesadas podr\u00e1n oponerse al tratamiento de sus datos personales. Nuestra organizaci\u00f3n dejar\u00e1 de tratarlos, salvo por motivos leg\u00edtimos imperiosos, o por el ejercicio o la defensa de posibles reclamaciones.<\/p><p>Las personas interesadas tambi\u00e9n tienen derecho a solicitar la portabilidad de sus datos personales, que, cuando sea posible, se podr\u00e1n comunicar directamente al nuevo responsable.<\/p><p>Las personas interesadas pueden obtener informaci\u00f3n adicional sobre sus derechos en la p\u00e1gina web de la Agencia Espa\u00f1ola de Protecci\u00f3n de Datos: <a href=\"http:\/\/www.agpd.es\">www.agpd.es<\/a>.<\/p><p>Adem\u00e1s, las personas interesadas tienen derecho a interponer una reclamaci\u00f3n ante la Agencia Espa\u00f1ola de Protecci\u00f3n de Datos en el siguiente enlace: <a href=\"https:\/\/sedeagpd.gob.es\/sede-electronica-web\/vistas\/formQuejasSugerencias\/seleccionarQuejaSugerencia.jsf\">https:\/\/sedeagpd.gob.es\/sede-electronica-web\/vistas\/formQuejasSugerencias\/seleccionarQuejaSugerencia.jsf<\/a><\/p><h3><strong>RESPONSABILIDADES Y COMPROMISOS DEL USUARIO<\/strong><\/h3><p>La persona usuaria garantiza que es mayor de 14 a\u00f1os y que la informaci\u00f3n facilitada es exacta y veraz, y se compromete a informar a la Xunta de Galicia de cualquier modificaci\u00f3n de la informaci\u00f3n que se le solicitase, identific\u00e1ndose como usuario del sitio web y concretando los datos que se modificasen.<\/p><p>La persona usuaria deber\u00e1 mantener en secreto las claves y los c\u00f3digos de identificaci\u00f3n, en su caso, e informar a la Xunta de Galicia en caso de p\u00e9rdida, sustracci\u00f3n o acceso no autorizado, lo m\u00e1s pronto posible. La Xunta no se responsabilizar\u00e1 del uso indebido por terceros no autorizados.<\/p><p>En el supuesto de que, en la ejecuci\u00f3n de los servicios, le sean facilitados a la Xunta de Galicia datos de car\u00e1cter personal de terceros, el usuario garantiza que est\u00e1 facultado leg\u00edtimamente para facilitar los mencionados datos y que ha procedido a informar a la persona interesada de la cesi\u00f3n de estos y a solicitar su consentimiento, y se responsabilizar\u00e1 del incumplimiento de estas obligaciones.<\/p><\/div>\t\t\t\t\t\t\t\t<\/div>\n\t\t\t\t<div class=\"elementor-element elementor-element-76dd00e ob-has-background-overlay elementor-widget elementor-widget-html\" data-id=\"76dd00e\" data-element_type=\"widget\" data-e-type=\"widget\" data-settings=\"{&quot;_ob_poopart_use&quot;:&quot;yes&quot;}\" data-widget_type=\"html.default\">\n\t\t\t\t\t<style>\n.custom-text {\n    \/*padding: 30px;*\/\n    \/*color: var(--e-global-color-primary );*\/\n    \/*background-color: var(--e-global-color-b28e45f );\n    border-style: solid;\n    border-width: 1px 1px 1px 1px;\n    border-color: #014D943B;\n    border-radius: 0px 0px 0px 0px;*\/\n    font-size: 14px;\n}\n.custom-text a{\n    color: var( --e-global-color-primary );\n    font-weight: 600;\n}\n\/*\n.custom-text ol {\n      margin-bottom:20px;\n      font-weight:500;\n}\n.custom-text ol li {\n      color: var( --e-global-color-primary );\n}\n*\/\n.custom-text h3,\n.custom-text h2{\n  color: var( --e-global-color-text );\n  font-weight: 500!important;\n  color: var( --e-global-color-primary );\n  font-size: 18px;\n  line-height: 1.3em;\n  text-transform: uppercase;\n}\n.custom-text h3:not(:first-of-type),\n.custom-text h2:not(:first-of-type) {\n  margin-top: 30px;\n}\n.custom-text ol,\n.custom-text ul {\n  display: block;\n  padding-top: 20px;\n  padding-bottom: 10px;\n  padding-right: 20px;\n  flex-direction: row;\n  align-items: center;\n  justify-content: start;\n  background: #F1F2F8;\n\/*background: linear-gradient(90deg, rgba(255,255,255,1) 0%, rgba(222,236,253,1) 100%);*\/\n  margin-top: 20px;\n  margin-bottom: 20px;\n}\n.custom-text ul li::marker,\n.custom-text ol li::marker {\n    color: var( --e-global-color-secondary )!important;\n}\n.custom-text ol li,\n.custom-text ul li {\n  font-size: 14px!important;\n  margin: 0;\n  list-style:none;\n  list-style-type: square;\n  padding: 0 .2em; \/* indentation + .5em *\/\n  line-height: 1.2em; \/* default list item's `line-height` *\/\n  margin-bottom: 1em;\n  position: relative;\n  \/*color: var( --e-global-color-primary );*\/\n}\n.custom-text ol li:before,\n.custom-text ul li:before {\n    content:\"\";\n    top:0;\n    left:-20px;\n    position: absolute;\n    display: flex;\n    height: 100%;\n    \/*border-left:3px solid var( --e-global-color-primary );*\/\n}\n\n<\/style>\t\t\t\t<\/div>\n\t\t\t\t\t<\/div>\n\t\t<\/div>\n\t\t\t\t\t<\/div>\n\t\t<\/section>\n\t\t\t\t<section class=\"ob-is-breaking-bad elementor-section elementor-top-section elementor-element elementor-element-9bde506 elementor-section-full_width elementor-section-height-min-height elementor-section-height-default elementor-section-items-middle\" data-id=\"9bde506\" data-element_type=\"section\" data-e-type=\"section\" data-settings=\"{&quot;_ob_bbad_use_it&quot;:&quot;yes&quot;,&quot;_ob_bbad_sssic_use&quot;:&quot;no&quot;}\">\n\t\t\t\t\t\t<div class=\"elementor-container elementor-column-gap-no\">\n\t\t\t\t\t<div class=\"elementor-column elementor-col-100 elementor-top-column elementor-element elementor-element-b57274f\" data-id=\"b57274f\" data-element_type=\"column\" data-e-type=\"column\" data-settings=\"{&quot;_ob_bbad_is_stalker&quot;:&quot;no&quot;}\">\n\t\t\t<div class=\"elementor-widget-wrap elementor-element-populated\">\n\t\t\t\t\t\t<div class=\"elementor-element elementor-element-2746e61 elementor-widget__width-auto elementor-absolute e-transform ob-has-background-overlay elementor-widget elementor-widget-image\" data-id=\"2746e61\" data-element_type=\"widget\" data-e-type=\"widget\" data-settings=\"{&quot;_position&quot;:&quot;absolute&quot;,&quot;_transform_rotateZ_effect&quot;:{&quot;unit&quot;:&quot;px&quot;,&quot;size&quot;:34,&quot;sizes&quot;:[]},&quot;_transform_rotateZ_effect_tablet&quot;:{&quot;unit&quot;:&quot;deg&quot;,&quot;size&quot;:&quot;&quot;,&quot;sizes&quot;:[]},&quot;_transform_rotateZ_effect_mobile&quot;:{&quot;unit&quot;:&quot;deg&quot;,&quot;size&quot;:&quot;&quot;,&quot;sizes&quot;:[]},&quot;_ob_poopart_use&quot;:&quot;yes&quot;}\" data-widget_type=\"image.default\">\n\t\t\t\t\t\t\t\t\t\t\t\t\t\t\t<img fetchpriority=\"high\" decoding=\"async\" width=\"229\" height=\"545\" src=\"https:\/\/aowinde.eu\/wp-content\/uploads\/2023\/11\/waves-diagonales-2_.svg\" class=\"attachment-large size-large wp-image-3768\" alt=\"\" \/>\t\t\t\t\t\t\t\t\t\t\t\t\t\t\t<\/div>\n\t\t\t\t<div class=\"elementor-element elementor-element-94bc140 elementor-widget__width-initial elementor-absolute ob-has-background-overlay elementor-widget elementor-widget-spacer\" data-id=\"94bc140\" data-element_type=\"widget\" data-e-type=\"widget\" data-settings=\"{&quot;_position&quot;:&quot;absolute&quot;,&quot;_ob_steroids_overlay_popover_whyxrot&quot;:&quot;yes&quot;,&quot;_ob_steroids_overlay_popover_border&quot;:&quot;yes&quot;,&quot;_ob_poopart_use&quot;:&quot;yes&quot;}\" data-widget_type=\"spacer.default\">\n\t\t\t\t\t\t\t<div class=\"elementor-spacer\">\n\t\t\t<div class=\"elementor-spacer-inner\"><\/div>\n\t\t<\/div>\n\t\t\t\t\t\t<\/div>\n\t\t\t\t\t<\/div>\n\t\t<\/div>\n\t\t\t\t\t<\/div>\n\t\t<\/section>\n\t\t\t\t<\/div>\n\t\t","protected":false},"excerpt":{"rendered":"<p>Pol\u00edtica de Privacidad POL\u00cdTICA DE PRIVACIDAD En cumplimiento de la normativa vigente en materia de protecci\u00f3n de datos, Reglamento (UE) 2016\/679 del Parlamento Europeo y del Consejo de 27 de abril de 2016 (RXPD-GDPR) y de la Ley org\u00e1nica 3\/2018 de 5 de diciembre, de protecci\u00f3n de datos y garant\u00eda de derechos digitales (LOPDGDD), ofrecemos [&hellip;]<\/p>\n","protected":false},"author":3,"featured_media":0,"parent":0,"menu_order":0,"comment_status":"closed","ping_status":"closed","template":"","meta":{"footnotes":""},"class_list":["post-1805","page","type-page","status-publish","hentry"],"_links":{"self":[{"href":"https:\/\/aowinde.eu\/fr\/wp-json\/wp\/v2\/pages\/1805","targetHints":{"allow":["GET"]}}],"collection":[{"href":"https:\/\/aowinde.eu\/fr\/wp-json\/wp\/v2\/pages"}],"about":[{"href":"https:\/\/aowinde.eu\/fr\/wp-json\/wp\/v2\/types\/page"}],"author":[{"embeddable":true,"href":"https:\/\/aowinde.eu\/fr\/wp-json\/wp\/v2\/users\/3"}],"replies":[{"embeddable":true,"href":"https:\/\/aowinde.eu\/fr\/wp-json\/wp\/v2\/comments?post=1805"}],"version-history":[{"count":0,"href":"https:\/\/aowinde.eu\/fr\/wp-json\/wp\/v2\/pages\/1805\/revisions"}],"wp:attachment":[{"href":"https:\/\/aowinde.eu\/fr\/wp-json\/wp\/v2\/media?parent=1805"}],"curies":[{"name":"wp","href":"https:\/\/api.w.org\/{rel}","templated":true}]}}