{"id":1822,"date":"2023-10-11T07:47:43","date_gmt":"2023-10-11T07:47:43","guid":{"rendered":"https:\/\/aowinde.eu\/?page_id=1822"},"modified":"2024-11-11T12:05:50","modified_gmt":"2024-11-11T12:05:50","slug":"politica-de-cookies","status":"publish","type":"page","link":"https:\/\/aowinde.eu\/fr\/politica-de-cookies\/","title":{"rendered":"Pol\u00edtica de Cookies"},"content":{"rendered":"\t\t<div data-elementor-type=\"wp-page\" data-elementor-id=\"1822\" class=\"elementor elementor-1822\" data-elementor-settings=\"{&quot;ha_cmc_init_switcher&quot;:&quot;no&quot;}\" data-elementor-post-type=\"page\">\n\t\t\t\t\t\t<section class=\"ob-is-breaking-bad elementor-section elementor-top-section elementor-element elementor-element-55855fe elementor-section-boxed elementor-section-height-default elementor-section-height-default\" data-id=\"55855fe\" data-element_type=\"section\" data-e-type=\"section\" data-settings=\"{&quot;_ob_bbad_use_it&quot;:&quot;yes&quot;,&quot;_ob_bbad_sssic_use&quot;:&quot;no&quot;}\">\n\t\t\t\t\t\t<div class=\"elementor-container elementor-column-gap-default\">\n\t\t\t\t\t<div class=\"elementor-column elementor-col-100 elementor-top-column elementor-element elementor-element-5e7f69a\" data-id=\"5e7f69a\" data-element_type=\"column\" data-e-type=\"column\" data-settings=\"{&quot;_ob_bbad_is_stalker&quot;:&quot;no&quot;}\">\n\t\t\t<div class=\"elementor-widget-wrap elementor-element-populated\">\n\t\t\t\t\t\t<div class=\"elementor-element elementor-element-0d10d00 ob-has-background-overlay elementor-widget elementor-widget-ha-page-title happy-addon ha-page-title\" data-id=\"0d10d00\" data-element_type=\"widget\" data-e-type=\"widget\" data-settings=\"{&quot;_ob_poopart_use&quot;:&quot;yes&quot;}\" data-widget_type=\"ha-page-title.default\">\n\t\t\t\t\t<h2 class=\"ha-page-title elementor-size-default\">Pol\u00edtica de Cookies<\/h2>\t\t\t\t<\/div>\n\t\t\t\t\t<\/div>\n\t\t<\/div>\n\t\t\t\t\t<\/div>\n\t\t<\/section>\n\t\t\t\t<section class=\"ob-is-breaking-bad elementor-section elementor-top-section elementor-element elementor-element-c7b95d2 elementor-section-full_width elementor-section-height-min-height elementor-section-height-default elementor-section-items-middle\" data-id=\"c7b95d2\" data-element_type=\"section\" data-e-type=\"section\" data-settings=\"{&quot;_ob_bbad_use_it&quot;:&quot;yes&quot;,&quot;_ob_bbad_sssic_use&quot;:&quot;no&quot;}\">\n\t\t\t\t\t\t<div class=\"elementor-container elementor-column-gap-no\">\n\t\t\t\t\t<div class=\"elementor-column elementor-col-100 elementor-top-column elementor-element elementor-element-83a6f10\" data-id=\"83a6f10\" data-element_type=\"column\" data-e-type=\"column\" data-settings=\"{&quot;_ob_bbad_is_stalker&quot;:&quot;no&quot;}\">\n\t\t\t<div class=\"elementor-widget-wrap elementor-element-populated\">\n\t\t\t\t\t\t<div class=\"elementor-element elementor-element-f0bead6 elementor-widget__width-auto elementor-absolute ob-has-background-overlay elementor-widget elementor-widget-image\" data-id=\"f0bead6\" data-element_type=\"widget\" data-e-type=\"widget\" data-settings=\"{&quot;_position&quot;:&quot;absolute&quot;,&quot;_ob_poopart_use&quot;:&quot;yes&quot;}\" data-widget_type=\"image.default\">\n\t\t\t\t\t\t\t\t\t\t\t\t\t\t\t<img decoding=\"async\" width=\"339\" height=\"67\" src=\"https:\/\/aowinde.eu\/wp-content\/uploads\/2023\/11\/lineas-horizontales_.svg\" class=\"attachment-large size-large wp-image-3766\" alt=\"\" \/>\t\t\t\t\t\t\t\t\t\t\t\t\t\t\t<\/div>\n\t\t\t\t<div class=\"elementor-element elementor-element-fb6a571 elementor-widget__width-auto elementor-absolute e-transform ob-has-background-overlay elementor-widget elementor-widget-image\" data-id=\"fb6a571\" data-element_type=\"widget\" data-e-type=\"widget\" data-settings=\"{&quot;_position&quot;:&quot;absolute&quot;,&quot;_transform_rotateZ_effect&quot;:{&quot;unit&quot;:&quot;px&quot;,&quot;size&quot;:-64,&quot;sizes&quot;:[]},&quot;_transform_rotateZ_effect_tablet&quot;:{&quot;unit&quot;:&quot;deg&quot;,&quot;size&quot;:&quot;&quot;,&quot;sizes&quot;:[]},&quot;_transform_rotateZ_effect_mobile&quot;:{&quot;unit&quot;:&quot;deg&quot;,&quot;size&quot;:&quot;&quot;,&quot;sizes&quot;:[]},&quot;_ob_poopart_use&quot;:&quot;yes&quot;}\" data-widget_type=\"image.default\">\n\t\t\t\t\t\t\t\t\t\t\t\t\t\t\t<img fetchpriority=\"high\" decoding=\"async\" width=\"229\" height=\"545\" src=\"https:\/\/aowinde.eu\/wp-content\/uploads\/2023\/11\/waves-diagonales-2_.svg\" class=\"attachment-large size-large wp-image-3768\" alt=\"\" \/>\t\t\t\t\t\t\t\t\t\t\t\t\t\t\t<\/div>\n\t\t\t\t<div class=\"elementor-element elementor-element-df01cfa elementor-widget__width-initial elementor-absolute ob-has-background-overlay elementor-widget elementor-widget-spacer\" data-id=\"df01cfa\" data-element_type=\"widget\" data-e-type=\"widget\" data-settings=\"{&quot;_position&quot;:&quot;absolute&quot;,&quot;_ob_steroids_overlay_popover_whyxrot&quot;:&quot;yes&quot;,&quot;_ob_steroids_overlay_popover_border&quot;:&quot;yes&quot;,&quot;_ob_poopart_use&quot;:&quot;yes&quot;}\" data-widget_type=\"spacer.default\">\n\t\t\t\t\t\t\t<div class=\"elementor-spacer\">\n\t\t\t<div class=\"elementor-spacer-inner\"><\/div>\n\t\t<\/div>\n\t\t\t\t\t\t<\/div>\n\t\t\t\t\t<\/div>\n\t\t<\/div>\n\t\t\t\t\t<\/div>\n\t\t<\/section>\n\t\t\t\t<section class=\"ob-is-breaking-bad elementor-section elementor-top-section elementor-element elementor-element-18c01b6 elementor-section-boxed elementor-section-height-default elementor-section-height-default\" data-id=\"18c01b6\" data-element_type=\"section\" data-e-type=\"section\" data-settings=\"{&quot;_ob_bbad_use_it&quot;:&quot;yes&quot;,&quot;_ob_bbad_sssic_use&quot;:&quot;no&quot;}\">\n\t\t\t\t\t\t<div class=\"elementor-container elementor-column-gap-default\">\n\t\t\t\t\t<div class=\"elementor-column elementor-col-100 elementor-top-column elementor-element elementor-element-ee6a9a4\" data-id=\"ee6a9a4\" data-element_type=\"column\" data-e-type=\"column\" data-settings=\"{&quot;_ob_bbad_is_stalker&quot;:&quot;no&quot;}\">\n\t\t\t<div class=\"elementor-widget-wrap elementor-element-populated\">\n\t\t\t\t\t\t<div class=\"elementor-element elementor-element-4908a57 custom-text ob-has-background-overlay elementor-widget elementor-widget-text-editor\" data-id=\"4908a57\" data-element_type=\"widget\" data-e-type=\"widget\" data-settings=\"{&quot;_ob_poopart_use&quot;:&quot;yes&quot;}\" data-widget_type=\"text-editor.default\">\n\t\t\t\t\t\t\t\t\t<div id=\"mpc_textblock-896525b1f85f735\" class=\"mpc-textblock cuerpo_mensaje mpc-inited\" style=\"opacity: 1;\"><h3><strong>POL\u00cdTICA DE COOKIES<\/strong><\/h3><p>El sitio web <strong>aowinde.eu<\/strong> utiliza cookies con la finalidad de ofrecerle una mejor experiencia en su navegaci\u00f3n. Asimismo, en caso de que preste su consentimiento, utilizaremos cookies que nos permitan obtener m\u00e1s informaci\u00f3n sobre sus preferencias y personalizar nuestro sitio web de conformidad con sus intereses individuales, para que tenga una navegaci\u00f3n m\u00e1s fluida y personalizada.<\/p><p>Desde aowinde.eu queremos informar, de manera clara y precisa, sobre las cookies que utilizamos en nuestro sitio web. Usted podr\u00e1 en todo momento aceptarlas, rechazarlas o configurar las diferentes cookies que usamos. En caso de que quiera obtener m\u00e1s informaci\u00f3n sobre el uso y la finalidad que hacemos de ellas, puede escribir un correo electr\u00f3nico a <a href=\"mailto:info@aowinde.eu\">info@aowinde.eu<\/a>.<\/p><h3><strong>QU\u00c9 ES UNA COOKIE?<\/strong><\/h3><p>Una cookie es un peque\u00f1o archivo que se descarga en el ordenador, tablet o smartphone de la persona usuaria, con la finalidad de almacenar datos e informaci\u00f3n que podr\u00e1n ser actualizados y recuperados por la entidad responsable de su instalaci\u00f3n.<\/p><p>La informaci\u00f3n recogida a trav\u00e9s de las cookies puede incluir la fecha y la hora de visitas al sitio web, las distintas pesta\u00f1as que usted visualiz\u00f3 o el tiempo que permaneci\u00f3 en \u00e9l. Esta informaci\u00f3n ser\u00e1 utilizada por el titular de la web para mejorar sus contenidos, hacerla m\u00e1s atractiva y colocar correctamente los contenidos que m\u00e1s le interesan.<\/p><h3><strong>Qu\u00e9 tipos de cookies utiliza este sitio web?<\/strong><\/h3><p>Este sitio web utiliza los siguientes tipos de cookies:<\/p><p><strong>&#8211; Cookies propias<\/strong><\/p><p>Esta tipolog\u00eda se env\u00eda a su ordenador y somos exclusivamente nosotros quienes la gestionamos para el mejor funcionamiento del sitio web. La informaci\u00f3n que obtenemos se emplea para mejorar la calidad de nuestro servicio y su experiencia como usuaria\/o.<\/p><p><strong>&#8211; Cookies de terceros<\/strong><\/p><p>Son las que se env\u00edan a su equipo desde un equipo o dominio que no gestionamos nosotros, sino otra entidad colaboradora; las cookies anal\u00edticas utilizadas por Google o las utilizadas por las redes sociales para ofrecer la posibilidad de compartir o recomendar contenidos de nuestra p\u00e1gina web en ellas.<\/p><p>Las cookies necesarias son absolutamente esenciales para que el sitio web funcione correctamente, pues garantizan funcionalidades b\u00e1sicas y caracter\u00edsticas de seguridad de este de forma an\u00f3nima.<\/p><p>Las cookies anal\u00edticas se usan para entender c\u00f3mo interact\u00faan las personas que visitan el sitio web. Estas cookies ayudan a proporcionar informaci\u00f3n sobre las m\u00e9tricas, el n\u00famero de visitas, la tasa de rebote, la fuente de tr\u00e1fico, etc.<\/p><p>Las cookies de rendimiento se utilizan para comprender y analizar los \u00edndices clave de rendimiento del sitio web, lo que ayuda a ofrecerles una mejor experiencia a las personas que realizan las visitas.<\/p><p>Las cookies publicitarias se emplean para proporcionar anuncios relevantes y campa\u00f1as de marketing. Estas cookies rastrean a las personas usuarias de los sitios web y recopilan informaci\u00f3n para proporcionar anuncios personalizados.<\/p><p>Las cookies funcionales ayudan a realizar ciertas funcionalidades, como compartir el contenido del sitio web en plataformas de redes sociales, recopilar comentarios y otras caracter\u00edsticas de terceros.<\/p><p>En concreto, las cookies utilizadas en este sitio web se detallan a continuaci\u00f3n:<\/p><div class=\"table-container\"><table class=\"table-rwd\"><thead><tr><th><strong>Nombre<\/strong><\/th><th><strong>Finalidad<\/strong><\/th><th><strong>Duraci\u00f3n<\/strong><\/th><th><strong>Tipolog\u00eda<\/strong><\/th><\/tr><\/thead><tbody><tr><td>__utma<\/td><td>Para distinguir usuarios y sesiones. De Google Analytics.<\/td><td>2 a\u00f1os<\/td><td>An\u00e1lisis<\/td><\/tr><tr><td>__utmb<\/td><td>Para determinar nuevas sesiones o visitas. De Google Analytics.<\/td><td>30 minutos<\/td><td>An\u00e1lisis<\/td><\/tr><tr><td>__utmc<\/td><td>Configurada para interactuar con urchin.js. De Google Analytics.<\/td><td>Al finalizar la sesi\u00f3n<\/td><td>An\u00e1lisis<\/td><\/tr><tr><td>__utmt<\/td><td>Para limitar el porcentaje de solicitudes. De Google Analytics.<\/td><td>10 minutos<\/td><td>An\u00e1lisis<\/td><\/tr><tr><td>__utmz<\/td><td>Almacena la fuente de tr\u00e1fico o la campa\u00f1a que explica c\u00f3mo lleg\u00f3 el usuario al sitio web. De Google Analytics.<\/td><td>6 meses<\/td><td>An\u00e1lisis<\/td><\/tr><tr><td>cookielawinfo-checkbox-necessary<\/td><td>Contiene el valor de si se acept\u00f3 la pol\u00edtica de cookies y la privacidad<\/td><td>Caduca con la sesi\u00f3n<\/td><td>T\u00e9cnica<\/td><\/tr><tr><td>cookielawinfo-checkbox-non-necessary<\/td><td>Contiene el valor de si se acept\u00f3 la pol\u00edtica de cookies y la privacidad<\/td><td>Caduca con la sesi\u00f3n<\/td><td>T\u00e9cnica<\/td><\/tr><\/tbody><\/table><\/div><p>En cumplimiento de la <strong>Ley 34\/2002 y del RXPD debe aceptarlas y dar su consentimiento expreso<\/strong>.<\/p><p>Nuestra web tratar\u00e1 los datos que usted nos proporcione \u00fanicamente con la finalidad de gestionar el servicio que solicite en cada momento. Siempre podr\u00e1 dirigirse mediante el correo electr\u00f3nico <a href=\"mailto:info@aowinde.eu\">info@aowinde.eu<\/a> o por tel\u00e9fono para solucionar todas sus dudas.<\/p><h3><strong>C\u00f3mo puedo configurar o deshabilitar las cookies que utiliza este sitio web?<\/strong><\/h3><p>Disponemos de un plug-in que permite aceptar, rechazar o configurar las cookies en todo momento.<\/p><p>Adem\u00e1s, usted podr\u00e1 restringir o bloquear las cookies, a trav\u00e9s de la modificaci\u00f3n de la configuraci\u00f3n del navegador que utilice en su equipo. Con car\u00e1cter general, los navegadores ofrecen las siguientes opciones de configuraci\u00f3n en relaci\u00f3n con la instalaci\u00f3n de cookies:<\/p><ul><li><strong><a href=\"https:\/\/support.microsoft.com\/es-es\/help\/17442\/windows-internet-explorer-delete-manage-cookies\">Internet Explorer<\/a><\/strong><\/li><li><strong><a href=\"https:\/\/support.mozilla.org\/es\/kb\/habilitar-y-deshabilitar-cookies-sitios-web-rastrear-preferencias\">Firefox<\/a><\/strong><\/li><li><strong><a href=\"https:\/\/support.google.com\/accounts\/answer\/61416?co=GENIE.Platform%3DDesktop&amp;hl=es\">Chrome<\/a><\/strong><\/li><li><strong><a href=\"https:\/\/support.apple.com\/es-es\/guide\/safari\/sfri11471\/mac\">Safari<\/a><\/strong><\/li><\/ul><p>Si se impide la instalaci\u00f3n de todas las cookies de la p\u00e1gina web, algunas funcionalidades de esta, as\u00ed como algunos contenidos, pueden verse afectados.<\/p><h3><strong>Cambios en la pol\u00edtica de cookies<\/strong><\/h3><p>Es posible que actualicemos la pol\u00edtica de cookies de nuestro sitio web. Por este motivo, recomendamos revisar esta pol\u00edtica cada vez que acceda a este con el objetivo de estar adecuadamente informado sobre c\u00f3mo y para qu\u00e9 usamos las cookies. La pol\u00edtica de cookies de este sitio web se actualiz\u00f3 por \u00faltima vez el 1 de julio de 2024.<\/p><\/div>\t\t\t\t\t\t\t\t<\/div>\n\t\t\t\t<div class=\"elementor-element elementor-element-0307094 ob-has-background-overlay elementor-widget elementor-widget-html\" data-id=\"0307094\" data-element_type=\"widget\" data-e-type=\"widget\" data-settings=\"{&quot;_ob_poopart_use&quot;:&quot;yes&quot;}\" data-widget_type=\"html.default\">\n\t\t\t\t\t<style>\n.custom-text {\n    \/*padding: 30px;*\/\n    \/*color: var(--e-global-color-primary );*\/\n    \/*background-color: var(--e-global-color-b28e45f );\n    border-style: solid;\n    border-width: 1px 1px 1px 1px;\n    border-color: #014D943B;\n    border-radius: 0px 0px 0px 0px;*\/\n    font-size: 14px;\n}\n.custom-text a{\n    color: var( --e-global-color-primary );\n    font-weight: 600;\n}\n\/*\n.custom-text ol {\n      margin-bottom:20px;\n      font-weight:500;\n}\n.custom-text ol li {\n      color: var( --e-global-color-primary );\n}\n*\/\n.custom-text h3,\n.custom-text h2{\n  color: var( --e-global-color-text );\n  font-weight: 500!important;\n  color: var( --e-global-color-primary );\n  font-size: 18px;\n  line-height: 1.3em;\n  text-transform: uppercase;\n}\n.custom-text h3:not(:first-of-type),\n.custom-text h2:not(:first-of-type) {\n  margin-top: 30px;\n}\n.custom-text ol,\n.custom-text ul {\n  display: block;\n  padding-top: 20px;\n  padding-bottom: 10px;\n  padding-right: 20px;\n  flex-direction: row;\n  align-items: center;\n  justify-content: start;\n  background: #F1F2F8;\n\/*background: linear-gradient(90deg, rgba(255,255,255,1) 0%, rgba(222,236,253,1) 100%);*\/\n  margin-top: 20px;\n  margin-bottom: 20px;\n}\n.custom-text ul li::marker,\n.custom-text ol li::marker {\n    color: var( --e-global-color-secondary )!important;\n}\n.custom-text ol li,\n.custom-text ul li {\n  font-size: 14px!important;\n  margin: 0;\n  list-style:none;\n  list-style-type: square;\n  padding: 0 .2em; \/* indentation + .5em *\/\n  line-height: 1.2em; \/* default list item's `line-height` *\/\n  margin-bottom: 1em;\n  position: relative;\n  \/*color: var( --e-global-color-primary );*\/\n}\n.custom-text ol li:before,\n.custom-text ul li:before {\n    content:\"\";\n    top:0;\n    left:-20px;\n    position: absolute;\n    display: flex;\n    height: 100%;\n    \/*border-left:3px solid var( --e-global-color-primary );*\/\n}\n\n<\/style>\t\t\t\t<\/div>\n\t\t\t\t<div class=\"elementor-element elementor-element-e6bf287 ob-has-background-overlay elementor-widget elementor-widget-html\" data-id=\"e6bf287\" data-element_type=\"widget\" data-e-type=\"widget\" data-settings=\"{&quot;_ob_poopart_use&quot;:&quot;yes&quot;}\" data-widget_type=\"html.default\">\n\t\t\t\t\t<style>\n\/* General styling for the table container *\/\n.table-container {\n    overflow-x: auto;\n    margin-top: 20px;\n    padding: 10px;\n    background-color: #f9f9f9;\n    border-radius: 8px;\n    box-shadow: 0px 4px 8px rgba(0, 0, 0, 0.1);\n}\n\n\/* Styling for the table *\/\n.table-rwd {\n    width: 100%;\n    border-collapse: collapse;\n    font-family: Arial, sans-serif;\n    font-size: 14px;\n    color: #333;\n}\n\n\/* Header styling *\/\n.table-rwd thead th {\n    background-color: #0D509C; \/* Primary color *\/\n    color: #fff;\n    padding: 12px;\n    text-align: left;\n    font-weight: bold;\n    border-top: 2px solid #0D509C;\n    border-bottom: 2px solid #0D509C;\n}\n\n\/* Row styling *\/\n.table-rwd tbody tr:nth-child(odd) {\n    background-color: #f2f2f2;\n}\n\n.table-rwd tbody tr:hover {\n    background-color: #e0eff8; \/* Lightened primary color for hover effect *\/\n}\n\n\/* Cell styling *\/\n.table-rwd th, .table-rwd td {\n    padding: 10px 15px;\n    border: 1px solid #ddd;\n    text-align: left;\n}\n\n\/* Responsive styling *\/\n@media screen and (max-width: 768px) {\n    .table-rwd, .table-rwd thead, .table-rwd tbody, .table-rwd th, .table-rwd td, .table-rwd tr {\n        display: block;\n        width: 100%;\n    }\n    .table-rwd thead tr {\n        position: absolute;\n        top: -9999px;\n        left: -9999px;\n    }\n    .table-rwd td {\n        padding-left: 50%;\n        position: relative;\n        text-align: left;\n    }\n    .table-rwd td:before {\n        content: attr(data-label);\n        position: absolute;\n        left: 10px;\n        font-weight: bold;\n    }\n}\n\n\/* Custom styling for different types of cookies *\/\n.table-rwd tbody td:nth-child(4) {\n    font-weight: bold;\n    text-align: center;\n    color: #9BC441; \/* Secondary color *\/\n}\n\n<\/style>\t\t\t\t<\/div>\n\t\t\t\t\t<\/div>\n\t\t<\/div>\n\t\t\t\t\t<\/div>\n\t\t<\/section>\n\t\t\t\t<section class=\"ob-is-breaking-bad elementor-section elementor-top-section elementor-element elementor-element-647b6f2 elementor-section-full_width elementor-section-height-min-height elementor-section-height-default elementor-section-items-middle\" data-id=\"647b6f2\" data-element_type=\"section\" data-e-type=\"section\" data-settings=\"{&quot;_ob_bbad_use_it&quot;:&quot;yes&quot;,&quot;_ob_bbad_sssic_use&quot;:&quot;no&quot;}\">\n\t\t\t\t\t\t<div class=\"elementor-container elementor-column-gap-no\">\n\t\t\t\t\t<div class=\"elementor-column elementor-col-100 elementor-top-column elementor-element elementor-element-deb6fd9\" data-id=\"deb6fd9\" data-element_type=\"column\" data-e-type=\"column\" data-settings=\"{&quot;_ob_bbad_is_stalker&quot;:&quot;no&quot;}\">\n\t\t\t<div class=\"elementor-widget-wrap elementor-element-populated\">\n\t\t\t\t\t\t<div class=\"elementor-element elementor-element-512ad1d elementor-widget__width-auto elementor-absolute e-transform ob-has-background-overlay elementor-widget elementor-widget-image\" data-id=\"512ad1d\" data-element_type=\"widget\" data-e-type=\"widget\" data-settings=\"{&quot;_position&quot;:&quot;absolute&quot;,&quot;_transform_rotateZ_effect&quot;:{&quot;unit&quot;:&quot;px&quot;,&quot;size&quot;:34,&quot;sizes&quot;:[]},&quot;_transform_rotateZ_effect_tablet&quot;:{&quot;unit&quot;:&quot;deg&quot;,&quot;size&quot;:&quot;&quot;,&quot;sizes&quot;:[]},&quot;_transform_rotateZ_effect_mobile&quot;:{&quot;unit&quot;:&quot;deg&quot;,&quot;size&quot;:&quot;&quot;,&quot;sizes&quot;:[]},&quot;_ob_poopart_use&quot;:&quot;yes&quot;}\" data-widget_type=\"image.default\">\n\t\t\t\t\t\t\t\t\t\t\t\t\t\t\t<img fetchpriority=\"high\" decoding=\"async\" width=\"229\" height=\"545\" src=\"https:\/\/aowinde.eu\/wp-content\/uploads\/2023\/11\/waves-diagonales-2_.svg\" class=\"attachment-large size-large wp-image-3768\" alt=\"\" \/>\t\t\t\t\t\t\t\t\t\t\t\t\t\t\t<\/div>\n\t\t\t\t<div class=\"elementor-element elementor-element-766629f elementor-widget__width-initial elementor-absolute ob-has-background-overlay elementor-widget elementor-widget-spacer\" data-id=\"766629f\" data-element_type=\"widget\" data-e-type=\"widget\" data-settings=\"{&quot;_position&quot;:&quot;absolute&quot;,&quot;_ob_steroids_overlay_popover_whyxrot&quot;:&quot;yes&quot;,&quot;_ob_steroids_overlay_popover_border&quot;:&quot;yes&quot;,&quot;_ob_poopart_use&quot;:&quot;yes&quot;}\" data-widget_type=\"spacer.default\">\n\t\t\t\t\t\t\t<div class=\"elementor-spacer\">\n\t\t\t<div class=\"elementor-spacer-inner\"><\/div>\n\t\t<\/div>\n\t\t\t\t\t\t<\/div>\n\t\t\t\t\t<\/div>\n\t\t<\/div>\n\t\t\t\t\t<\/div>\n\t\t<\/section>\n\t\t\t\t<\/div>\n\t\t","protected":false},"excerpt":{"rendered":"<p>Pol\u00edtica de Cookies POL\u00cdTICA DE COOKIES El sitio web aowinde.eu utiliza cookies con la finalidad de ofrecerle una mejor experiencia en su navegaci\u00f3n. Asimismo, en caso de que preste su consentimiento, utilizaremos cookies que nos permitan obtener m\u00e1s informaci\u00f3n sobre sus preferencias y personalizar nuestro sitio web de conformidad con sus intereses individuales, para que [&hellip;]<\/p>\n","protected":false},"author":3,"featured_media":0,"parent":0,"menu_order":0,"comment_status":"closed","ping_status":"closed","template":"","meta":{"footnotes":""},"class_list":["post-1822","page","type-page","status-publish","hentry"],"_links":{"self":[{"href":"https:\/\/aowinde.eu\/fr\/wp-json\/wp\/v2\/pages\/1822","targetHints":{"allow":["GET"]}}],"collection":[{"href":"https:\/\/aowinde.eu\/fr\/wp-json\/wp\/v2\/pages"}],"about":[{"href":"https:\/\/aowinde.eu\/fr\/wp-json\/wp\/v2\/types\/page"}],"author":[{"embeddable":true,"href":"https:\/\/aowinde.eu\/fr\/wp-json\/wp\/v2\/users\/3"}],"replies":[{"embeddable":true,"href":"https:\/\/aowinde.eu\/fr\/wp-json\/wp\/v2\/comments?post=1822"}],"version-history":[{"count":0,"href":"https:\/\/aowinde.eu\/fr\/wp-json\/wp\/v2\/pages\/1822\/revisions"}],"wp:attachment":[{"href":"https:\/\/aowinde.eu\/fr\/wp-json\/wp\/v2\/media?parent=1822"}],"curies":[{"name":"wp","href":"https:\/\/api.w.org\/{rel}","templated":true}]}}